{"id":14496,"date":"2020-10-10T18:16:00","date_gmt":"2020-10-11T00:16:00","guid":{"rendered":"https:\/\/elmetropolitano.com.gt\/es\/video-grid-gallery\/"},"modified":"2020-10-10T18:16:00","modified_gmt":"2020-10-11T00:16:00","slug":"video-grid-gallery","status":"publish","type":"page","link":"https:\/\/elmetropolitano.com.gt\/es\/video-grid-gallery\/","title":{"rendered":"Video Grid Gallery"},"content":{"rendered":"\t\t\t\t<div id='video_grid_1_emd_video-cont' class='emd-container '>\n\t\t\t\t\t\t\t\t<div id='video_grid_1_emd_video-view' class='emd-view-results'>\n\t\t\t\t\t\t\t\t<input type='hidden' id='emd_entity' name='emd_entity' value='emd_video'>\n\t\t\t\t<input type='hidden' id='emd_view' name='emd_view' value='video_grid'>\n\t\t\t\t<input type='hidden' id='emd_view_count' name='emd_view_count' value='1'>\t\n\t\t\t\t<input type='hidden' id='emd_app' name='emd_app' value='youtube_showcase'>\n\t\t\t\t<div class=\"row row-no-gutter\"><a href=\"https:\/\/elmetropolitano.com.gt\/es\/videos\/diputado-obed-castanaza-se-lava-las-manos\/\" title=\"Diputado Obed Casta\u00f1aza se lava las manos\u2026\">\n<div class=\"col-lg-3 col-sm-4 col-xs-6\">\n<div class=\"panel panel-info item-video\">\n  <div class=\"panel-body emd-vid\">\n            <div class=\"thumbnail\" style=\"padding:0;border: 0;border-bottom-left-radius: 0;border-bottom-right-radius: 0;\">\n                <img decoding=\"async\" style=\"width:100%;height:auto;\" src=\"https:\/\/img.youtube.com\/vi\/FpqF267QuDo\/mqdefault.jpg\" alt=\"Diputado Obed Casta\u00f1aza se lava las manos\u2026\" \/>\n            <\/div>\n  <\/div>\n  <div class=\"panel-footer\" style=\"background-color: rgba(0, 0, 0, 0);\">Diputado Obed Casta\u00f1aza se lava las manos\u2026<\/div>\n<\/div>\n <\/div>\n<\/a><a href=\"https:\/\/elmetropolitano.com.gt\/es\/videos\/reformas-al-iusi-benefician-a-las-grandes-empresas-expresa-diputado-elmer-palencia\/\" title=\"Reformas al IUSI benefician a las grandes empresas expresa diputado Elmer Palencia\">\n<div class=\"col-lg-3 col-sm-4 col-xs-6\">\n<div class=\"panel panel-info item-video\">\n  <div class=\"panel-body emd-vid\">\n            <div class=\"thumbnail\" style=\"padding:0;border: 0;border-bottom-left-radius: 0;border-bottom-right-radius: 0;\">\n                <img decoding=\"async\" style=\"width:100%;height:auto;\" src=\"https:\/\/img.youtube.com\/vi\/HPK3ZcScf9Y\/mqdefault.jpg\" alt=\"Reformas al IUSI benefician a las grandes empresas expresa diputado Elmer Palencia\" \/>\n            <\/div>\n  <\/div>\n  <div class=\"panel-footer\" style=\"background-color: rgba(0, 0, 0, 0);\">Reformas al IUSI benefician a las grandes empresas expresa diputado Elmer Palencia<\/div>\n<\/div>\n <\/div>\n<\/a><a href=\"https:\/\/elmetropolitano.com.gt\/es\/videos\/doctor-giovanni-reyes-sigue-en-azul\/\" title=\"Doctor Giovanni Reyes sigue en Azul\">\n<div class=\"col-lg-3 col-sm-4 col-xs-6\">\n<div class=\"panel panel-info item-video\">\n  <div class=\"panel-body emd-vid\">\n            <div class=\"thumbnail\" style=\"padding:0;border: 0;border-bottom-left-radius: 0;border-bottom-right-radius: 0;\">\n                <img decoding=\"async\" style=\"width:100%;height:auto;\" src=\"https:\/\/img.youtube.com\/vi\/xcfD34lc4jA\/mqdefault.jpg\" alt=\"Doctor Giovanni Reyes sigue en Azul\" \/>\n            <\/div>\n  <\/div>\n  <div class=\"panel-footer\" style=\"background-color: rgba(0, 0, 0, 0);\">Doctor Giovanni Reyes sigue en Azul<\/div>\n<\/div>\n <\/div>\n<\/a><a href=\"https:\/\/elmetropolitano.com.gt\/es\/videos\/buscan-que-la-edad-para-usar-dispositivos-electronicos-como-celular-sea-de-16-anos-en-las-escuelas\/\" title=\"Buscan que la edad para usar dispositivos electr\u00f3nicos como celular sea de 16 a\u00f1os. en las escuelas\">\n<div class=\"col-lg-3 col-sm-4 col-xs-6\">\n<div class=\"panel panel-info item-video\">\n  <div class=\"panel-body emd-vid\">\n            <div class=\"thumbnail\" style=\"padding:0;border: 0;border-bottom-left-radius: 0;border-bottom-right-radius: 0;\">\n                <img decoding=\"async\" style=\"width:100%;height:auto;\" src=\"https:\/\/img.youtube.com\/vi\/A0YmWY7p0Jc\/mqdefault.jpg\" alt=\"Buscan que la edad para usar dispositivos electr\u00f3nicos como celular sea de 16 a\u00f1os. en las escuelas\" \/>\n            <\/div>\n  <\/div>\n  <div class=\"panel-footer\" style=\"background-color: rgba(0, 0, 0, 0);\">Buscan que la edad para usar dispositivos electr\u00f3nicos como celular sea de 16 a\u00f1os. en las escuelas<\/div>\n<\/div>\n <\/div>\n<\/a><a href=\"https:\/\/elmetropolitano.com.gt\/es\/videos\/alvaro-arzu-reformas-al-iusi-es-para-ganar-votos\/\" title=\"\u00c1lvaro Arz\u00fa: Reformas al IUSI es para ganar votos\">\n<div class=\"col-lg-3 col-sm-4 col-xs-6\">\n<div class=\"panel panel-info item-video\">\n  <div class=\"panel-body emd-vid\">\n            <div class=\"thumbnail\" style=\"padding:0;border: 0;border-bottom-left-radius: 0;border-bottom-right-radius: 0;\">\n                <img decoding=\"async\" style=\"width:100%;height:auto;\" src=\"https:\/\/img.youtube.com\/vi\/EVTPrriII2Q\/mqdefault.jpg\" alt=\"\u00c1lvaro Arz\u00fa: Reformas al IUSI es para ganar votos\" \/>\n            <\/div>\n  <\/div>\n  <div class=\"panel-footer\" style=\"background-color: rgba(0, 0, 0, 0);\">\u00c1lvaro Arz\u00fa: Reformas al IUSI es para ganar votos<\/div>\n<\/div>\n <\/div>\n<\/a><a href=\"https:\/\/elmetropolitano.com.gt\/es\/videos\/diputado-ines-castillo-descarta-que-reformas-al-iusi-de-la-une-sea-electorera\/\" title=\"Diputado In\u00e9s castillo descarta que reformas al IUSI de la UNE sea electorera\">\n<div class=\"col-lg-3 col-sm-4 col-xs-6\">\n<div class=\"panel panel-info item-video\">\n  <div class=\"panel-body emd-vid\">\n            <div class=\"thumbnail\" style=\"padding:0;border: 0;border-bottom-left-radius: 0;border-bottom-right-radius: 0;\">\n                <img decoding=\"async\" style=\"width:100%;height:auto;\" src=\"https:\/\/img.youtube.com\/vi\/FZbo5T5AKpw\/mqdefault.jpg\" alt=\"Diputado In\u00e9s castillo descarta que reformas al IUSI de la UNE sea electorera\" \/>\n            <\/div>\n  <\/div>\n  <div class=\"panel-footer\" style=\"background-color: rgba(0, 0, 0, 0);\">Diputado In\u00e9s castillo descarta que reformas al IUSI de la UNE sea electorera<\/div>\n<\/div>\n <\/div>\n<\/a><a href=\"https:\/\/elmetropolitano.com.gt\/es\/videos\/ley-del-iusi-de-victoria-busca-que-se-page-el-tres-por-millar-y-exonerar-a-los-adultos-mayores\/\" title=\"Ley del IUSI de Victoria  busca que se page el tres por millar y exonerar a los adultos mayores\">\n<div class=\"col-lg-3 col-sm-4 col-xs-6\">\n<div class=\"panel panel-info item-video\">\n  <div class=\"panel-body emd-vid\">\n            <div class=\"thumbnail\" style=\"padding:0;border: 0;border-bottom-left-radius: 0;border-bottom-right-radius: 0;\">\n                <img decoding=\"async\" style=\"width:100%;height:auto;\" src=\"https:\/\/img.youtube.com\/vi\/5Pjbb7_i5vM\/mqdefault.jpg\" alt=\"Ley del IUSI de Victoria  busca que se page el tres por millar y exonerar a los adultos mayores\" \/>\n            <\/div>\n  <\/div>\n  <div class=\"panel-footer\" style=\"background-color: rgba(0, 0, 0, 0);\">Ley del IUSI de Victoria  busca que se page el tres por millar y exonerar a los adultos mayores<\/div>\n<\/div>\n <\/div>\n<\/a><a href=\"https:\/\/elmetropolitano.com.gt\/es\/videos\/pleno-conocera-el-martes-dos-iniciativas-de-ley-que-deformaran-la-ley-del-iusi\/\" title=\"Pleno conocer\u00e1 el martes dos iniciativas de Ley que deformar\u00e1n la Ley del IUSI\">\n<div class=\"col-lg-3 col-sm-4 col-xs-6\">\n<div class=\"panel panel-info item-video\">\n  <div class=\"panel-body emd-vid\">\n            <div class=\"thumbnail\" style=\"padding:0;border: 0;border-bottom-left-radius: 0;border-bottom-right-radius: 0;\">\n                <img decoding=\"async\" style=\"width:100%;height:auto;\" src=\"https:\/\/img.youtube.com\/vi\/rfg7D8_hzwY\/mqdefault.jpg\" alt=\"Pleno conocer\u00e1 el martes dos iniciativas de Ley que deformar\u00e1n la Ley del IUSI\" \/>\n            <\/div>\n  <\/div>\n  <div class=\"panel-footer\" style=\"background-color: rgba(0, 0, 0, 0);\">Pleno conocer\u00e1 el martes dos iniciativas de Ley que deformar\u00e1n la Ley del IUSI<\/div>\n<\/div>\n <\/div>\n<\/a><a href=\"https:\/\/elmetropolitano.com.gt\/es\/videos\/hay-un-juego-perverso-para-no-aprobar-el-bono-de-alimentacion-a-los-pnc-dice-diputado-jose-chic\/\" title=\"Hay un \u201cJuego Perverso \u201c para no aprobar el bono de alimentaci\u00f3n a los PNC dice diputado Jos\u00e9 Chic\">\n<div class=\"col-lg-3 col-sm-4 col-xs-6\">\n<div class=\"panel panel-info item-video\">\n  <div class=\"panel-body emd-vid\">\n            <div class=\"thumbnail\" style=\"padding:0;border: 0;border-bottom-left-radius: 0;border-bottom-right-radius: 0;\">\n                <img decoding=\"async\" style=\"width:100%;height:auto;\" src=\"https:\/\/img.youtube.com\/vi\/F1orTmZVaCg\/mqdefault.jpg\" alt=\"Hay un \u201cJuego Perverso \u201c para no aprobar el bono de alimentaci\u00f3n a los PNC dice diputado Jos\u00e9 Chic\" \/>\n            <\/div>\n  <\/div>\n  <div class=\"panel-footer\" style=\"background-color: rgba(0, 0, 0, 0);\">Hay un \u201cJuego Perverso \u201c para no aprobar el bono de alimentaci\u00f3n a los PNC dice diputado Jos\u00e9 Chic<\/div>\n<\/div>\n <\/div>\n<\/a><a href=\"https:\/\/elmetropolitano.com.gt\/es\/videos\/junta-directiva-del-congreso-atiende-a-los-discapacitados-del-ejercito\/\" title=\"Junta directiva del Congreso atiende a los discapacitados del Ej\u00e9rcito\">\n<div class=\"col-lg-3 col-sm-4 col-xs-6\">\n<div class=\"panel panel-info item-video\">\n  <div class=\"panel-body emd-vid\">\n            <div class=\"thumbnail\" style=\"padding:0;border: 0;border-bottom-left-radius: 0;border-bottom-right-radius: 0;\">\n                <img decoding=\"async\" style=\"width:100%;height:auto;\" src=\"https:\/\/img.youtube.com\/vi\/Z78EE_BbdY8\/mqdefault.jpg\" alt=\"Junta directiva del Congreso atiende a los discapacitados del Ej\u00e9rcito\" \/>\n            <\/div>\n  <\/div>\n  <div class=\"panel-footer\" style=\"background-color: rgba(0, 0, 0, 0);\">Junta directiva del Congreso atiende a los discapacitados del Ej\u00e9rcito<\/div>\n<\/div>\n <\/div>\n<\/a><a href=\"https:\/\/elmetropolitano.com.gt\/es\/videos\/discapacitados-del-ejercito-piden-revisar-sus-jubilaciones\/\" title=\"Discapacitados del Ej\u00e9rcito piden revisar sus jubilaciones\">\n<div class=\"col-lg-3 col-sm-4 col-xs-6\">\n<div class=\"panel panel-info item-video\">\n  <div class=\"panel-body emd-vid\">\n            <div class=\"thumbnail\" style=\"padding:0;border: 0;border-bottom-left-radius: 0;border-bottom-right-radius: 0;\">\n                <img decoding=\"async\" style=\"width:100%;height:auto;\" src=\"https:\/\/img.youtube.com\/vi\/Q8Nz86_1Rxs\/mqdefault.jpg\" alt=\"Discapacitados del Ej\u00e9rcito piden revisar sus jubilaciones\" \/>\n            <\/div>\n  <\/div>\n  <div class=\"panel-footer\" style=\"background-color: rgba(0, 0, 0, 0);\">Discapacitados del Ej\u00e9rcito piden revisar sus jubilaciones<\/div>\n<\/div>\n <\/div>\n<\/a><a href=\"https:\/\/elmetropolitano.com.gt\/es\/videos\/propuesta-de-cabal-de-dar-un-bono-a-campesinos-es-con-tinte-electoral-expresa-el-partido-vos\/\" title=\"Propuesta de CABAL de dar un bono a campesinos es con \u201ctinte electoral\u201d expresa  el Partido VOS\">\n<div class=\"col-lg-3 col-sm-4 col-xs-6\">\n<div class=\"panel panel-info item-video\">\n  <div class=\"panel-body emd-vid\">\n            <div class=\"thumbnail\" style=\"padding:0;border: 0;border-bottom-left-radius: 0;border-bottom-right-radius: 0;\">\n                <img decoding=\"async\" style=\"width:100%;height:auto;\" src=\"https:\/\/img.youtube.com\/vi\/FU0-EdVWhFk\/mqdefault.jpg\" alt=\"Propuesta de CABAL de dar un bono a campesinos es con \u201ctinte electoral\u201d expresa  el Partido VOS\" \/>\n            <\/div>\n  <\/div>\n  <div class=\"panel-footer\" style=\"background-color: rgba(0, 0, 0, 0);\">Propuesta de CABAL de dar un bono a campesinos es con \u201ctinte electoral\u201d expresa  el Partido VOS<\/div>\n<\/div>\n <\/div>\n<\/a><a href=\"https:\/\/elmetropolitano.com.gt\/es\/videos\/siero-propuesta-sobre-el-iusi-son-populistas-y-electorera-que-quebrarian-muchas-municipalidades\/\" title=\"Siero, propuesta sobre el IUSI son Populistas y electorera que quebrar\u00edan muchas municipalidades\">\n<div class=\"col-lg-3 col-sm-4 col-xs-6\">\n<div class=\"panel panel-info item-video\">\n  <div class=\"panel-body emd-vid\">\n            <div class=\"thumbnail\" style=\"padding:0;border: 0;border-bottom-left-radius: 0;border-bottom-right-radius: 0;\">\n                <img decoding=\"async\" style=\"width:100%;height:auto;\" src=\"https:\/\/img.youtube.com\/vi\/bZTmmH98ngQ\/mqdefault.jpg\" alt=\"Siero, propuesta sobre el IUSI son Populistas y electorera que quebrar\u00edan muchas municipalidades\" \/>\n            <\/div>\n  <\/div>\n  <div class=\"panel-footer\" style=\"background-color: rgba(0, 0, 0, 0);\">Siero, propuesta sobre el IUSI son Populistas y electorera que quebrar\u00edan muchas municipalidades<\/div>\n<\/div>\n <\/div>\n<\/a><a href=\"https:\/\/elmetropolitano.com.gt\/es\/videos\/jornada-de-adhesion-en-chinautla-para-los-unionistas-a-cargo-de-rony-gonzalez\/\" title=\"Jornada de adhesi\u00f3n en Chinautla para los unionistas a cargo de Rony Gonz\u00e1lez\">\n<div class=\"col-lg-3 col-sm-4 col-xs-6\">\n<div class=\"panel panel-info item-video\">\n  <div class=\"panel-body emd-vid\">\n            <div class=\"thumbnail\" style=\"padding:0;border: 0;border-bottom-left-radius: 0;border-bottom-right-radius: 0;\">\n                <img decoding=\"async\" style=\"width:100%;height:auto;\" src=\"https:\/\/img.youtube.com\/vi\/eT7zoaw_CF0\/mqdefault.jpg\" alt=\"Jornada de adhesi\u00f3n en Chinautla para los unionistas a cargo de Rony Gonz\u00e1lez\" \/>\n            <\/div>\n  <\/div>\n  <div class=\"panel-footer\" style=\"background-color: rgba(0, 0, 0, 0);\">Jornada de adhesi\u00f3n en Chinautla para los unionistas a cargo de Rony Gonz\u00e1lez<\/div>\n<\/div>\n <\/div>\n<\/a><a href=\"https:\/\/elmetropolitano.com.gt\/es\/videos\/raices-llevo-a-cabo-esta-manana-una-campana-de-adhesion\/\" title=\"Ra\u00edces llevo a cabo esta ma\u00f1ana una campa\u00f1a de adhesi\u00f3n\">\n<div class=\"col-lg-3 col-sm-4 col-xs-6\">\n<div class=\"panel panel-info item-video\">\n  <div class=\"panel-body emd-vid\">\n            <div class=\"thumbnail\" style=\"padding:0;border: 0;border-bottom-left-radius: 0;border-bottom-right-radius: 0;\">\n                <img decoding=\"async\" style=\"width:100%;height:auto;\" src=\"https:\/\/img.youtube.com\/vi\/8hblQSMj7gE\/mqdefault.jpg\" alt=\"Ra\u00edces llevo a cabo esta ma\u00f1ana una campa\u00f1a de adhesi\u00f3n\" \/>\n            <\/div>\n  <\/div>\n  <div class=\"panel-footer\" style=\"background-color: rgba(0, 0, 0, 0);\">Ra\u00edces llevo a cabo esta ma\u00f1ana una campa\u00f1a de adhesi\u00f3n<\/div>\n<\/div>\n <\/div>\n<\/a><a href=\"https:\/\/elmetropolitano.com.gt\/es\/videos\/madrazo-ya-ofrece-carceles-y-hospitales-y-aun-no-es-presidenciable\/\" title=\"Madrazo ya ofrece c\u00e1rceles y hospitales y a\u00fan no es presidenciable\">\n<div class=\"col-lg-3 col-sm-4 col-xs-6\">\n<div class=\"panel panel-info item-video\">\n  <div class=\"panel-body emd-vid\">\n            <div class=\"thumbnail\" style=\"padding:0;border: 0;border-bottom-left-radius: 0;border-bottom-right-radius: 0;\">\n                <img decoding=\"async\" style=\"width:100%;height:auto;\" src=\"https:\/\/img.youtube.com\/vi\/7wL0O9mdF-A\/mqdefault.jpg\" alt=\"Madrazo ya ofrece c\u00e1rceles y hospitales y a\u00fan no es presidenciable\" \/>\n            <\/div>\n  <\/div>\n  <div class=\"panel-footer\" style=\"background-color: rgba(0, 0, 0, 0);\">Madrazo ya ofrece c\u00e1rceles y hospitales y a\u00fan no es presidenciable<\/div>\n<\/div>\n <\/div>\n<\/a><\/div>\t\t\t\t\t<div class='pagination-bar' style='clear:both;'>\n\t\t\t\t\t<ul class='emd-pagination '><li class='active'><span aria-current=\"page\" class=\"page-numbers current\">1<\/span><\/li><li><a class=\"page-numbers\" href=\"https:\/\/elmetropolitano.com.gt\/es\/\/page\/2\/\">2<\/a><\/li><li><a class=\"page-numbers\" href=\"https:\/\/elmetropolitano.com.gt\/es\/\/page\/3\/\">3<\/a><\/li><li><span class=\"page-numbers dots\">&hellip;<\/span><\/li><li><a class=\"page-numbers\" href=\"https:\/\/elmetropolitano.com.gt\/es\/\/page\/65\/\">65<\/a><\/li><li><a class=\"next page-numbers\" href=\"https:\/\/elmetropolitano.com.gt\/es\/\/page\/2\/\">Siguiente &raquo;<\/a><\/li><\/ul>\t\t\t\t\t<\/div>\n\t\t\t\t\t\t\t\t<\/div>\n\t\t\t\t<\/div>\n\t\t\t\t\n","protected":false},"excerpt":{"rendered":"","protected":false},"author":1,"featured_media":0,"parent":0,"menu_order":0,"comment_status":"closed","ping_status":"closed","template":"","meta":{"footnotes":""},"class_list":["post-14496","page","type-page","status-publish","hentry"],"_links":{"self":[{"href":"https:\/\/elmetropolitano.com.gt\/es\/wp-json\/wp\/v2\/pages\/14496","targetHints":{"allow":["GET"]}}],"collection":[{"href":"https:\/\/elmetropolitano.com.gt\/es\/wp-json\/wp\/v2\/pages"}],"about":[{"href":"https:\/\/elmetropolitano.com.gt\/es\/wp-json\/wp\/v2\/types\/page"}],"author":[{"embeddable":true,"href":"https:\/\/elmetropolitano.com.gt\/es\/wp-json\/wp\/v2\/users\/1"}],"replies":[{"embeddable":true,"href":"https:\/\/elmetropolitano.com.gt\/es\/wp-json\/wp\/v2\/comments?post=14496"}],"version-history":[{"count":0,"href":"https:\/\/elmetropolitano.com.gt\/es\/wp-json\/wp\/v2\/pages\/14496\/revisions"}],"wp:attachment":[{"href":"https:\/\/elmetropolitano.com.gt\/es\/wp-json\/wp\/v2\/media?parent=14496"}],"curies":[{"name":"wp","href":"https:\/\/api.w.org\/{rel}","templated":true}]}}