{"id":14498,"date":"2020-10-10T18:16:01","date_gmt":"2020-10-11T00:16:01","guid":{"rendered":"https:\/\/elmetropolitano.com.gt\/es\/video-gallery\/"},"modified":"2020-10-10T18:16:01","modified_gmt":"2020-10-11T00:16:01","slug":"video-gallery","status":"publish","type":"page","link":"https:\/\/elmetropolitano.com.gt\/es\/video-gallery\/","title":{"rendered":"Video Gallery"},"content":{"rendered":"<div id=\"integration-video-gallery\" class=\"emd-container emd-integration-wrap\">\n\t\t\t\t<div id='video_items_1_emd_video-cont' class='emd-container '>\n\t\t\t\t\t\t\t\t<div id='video_items_1_emd_video-view' class='emd-view-results'>\n\t\t\t\t\t\t\t\t<input type='hidden' id='emd_entity' name='emd_entity' value='emd_video'>\n\t\t\t\t<input type='hidden' id='emd_view' name='emd_view' value='video_items'>\n\t\t\t\t<input type='hidden' id='emd_view_count' name='emd_view_count' value='1'>\t\n\t\t\t\t<input type='hidden' id='emd_app' name='emd_app' value='youtube_showcase'>\n\t\t\t\t<div data-interval=\"false\" id=\"emdvideos\" class=\"carousel slide article-slide\">\n    <div class=\"carousel-inner cont-slider\"><div id=\"emd-videos\" class=\"item active\">\n\t<div class=\"emd-embed-responsive\">\n\t<iframe src=\"https:\/\/www.youtube.com\/embed\/M-WxhWHL4rQ?html5=1\" frameborder=\"0\" allowfullscreen><\/iframe>\n\t<\/div>\t\n<div class=\"panel panel-default\">\n  <div class=\"video-summary\">\n<p><a title=\"Presenta interpelaci\u00f3n contra ministro de Salud P\u00fablica doctor Joaqu\u00edn Barnoya\" href=\"https:\/\/elmetropolitano.com.gt\/es\/videos\/presenta-interpelacion-contra-ministro-de-salud-publica-doctor-joaquin-barnoya\/\">Presenta interpelaci\u00f3n contra ministro de Salud P\u00fablica doctor Joaqu\u00edn Barnoya<\/a><\/p>\n <div class=\"video-excerpt\"> <\/div>\n  <\/div>\n      <!-- Controls -->\n      <div class=\"controls visible-xs-block\">\n      <a data-slide=\"prev\" role=\"button\" href=\"#emdvideos\" class=\"left carousel-control\">\n        <span class=\"icon-prev\"><\/span>\n        <span class=\"sr-only\">Previous<\/span>\n      <\/a>\n      <a data-slide=\"next\" role=\"button\" href=\"#emdvideos\" class=\"right carousel-control\">\n        <span class=\"icon-next\"><\/span>\n        <span class=\"sr-only\">Next<\/span>\n      <\/a>\n      <\/div>\n<\/div>\n <\/div><div id=\"emd-videos\" class=\"item \">\n\t<div class=\"emd-embed-responsive\">\n\t<iframe src=\"https:\/\/www.youtube.com\/embed\/Qw5NZruhfx4?html5=1\" frameborder=\"0\" allowfullscreen><\/iframe>\n\t<\/div>\t\n<div class=\"panel panel-default\">\n  <div class=\"video-summary\">\n<p><a title=\"Abuso Sexual a menores de edad ahora es penalizado con 14 a\u00f1os de prisi\u00f3n\" href=\"https:\/\/elmetropolitano.com.gt\/es\/videos\/abuso-sexual-a-menores-de-edad-ahora-es-penalizado-con-14-anos-de-prision\/\">Abuso Sexual a menores de edad ahora es penalizado con 14 a\u00f1os de prisi\u00f3n<\/a><\/p><div class=\"elmet-contenido\" id=\"elmet-3039023830\"><div class=\"elmet-adlabel\">Anuncios<\/div><div style=\"margin-top: 20px;margin-right: 20px;margin-bottom: 20px;margin-left: 20px;\" id=\"elmet-1090284439\"><a href=\"https:\/\/www.facebook.com\/arrincuanantigua\/\" aria-label=\"cintillo-arrin-cual\"><img loading=\"lazy\" decoding=\"async\" src=\"https:\/\/elmetropolitano.com.gt\/es\/wp-content\/uploads\/2021\/11\/cintillo-arrin-cual-1.jpg\" alt=\"\"  srcset=\"https:\/\/elmetropolitano.com.gt\/es\/wp-content\/uploads\/2021\/11\/cintillo-arrin-cual-1.jpg 750w, https:\/\/elmetropolitano.com.gt\/es\/wp-content\/uploads\/2021\/11\/cintillo-arrin-cual-1-300x36.jpg 300w, https:\/\/elmetropolitano.com.gt\/es\/wp-content\/uploads\/2021\/11\/cintillo-arrin-cual-1-600x72.jpg 600w\" sizes=\"(max-width: 750px) 100vw, 750px\" width=\"750\" height=\"90\"   \/><\/a><\/div><\/div>\n <div class=\"video-excerpt\"> <\/div>\n  <\/div>\n      <!-- Controls -->\n      <div class=\"controls visible-xs-block\">\n      <a data-slide=\"prev\" role=\"button\" href=\"#emdvideos\" class=\"left carousel-control\">\n        <span class=\"icon-prev\"><\/span>\n        <span class=\"sr-only\">Previous<\/span>\n      <\/a>\n      <a data-slide=\"next\" role=\"button\" href=\"#emdvideos\" class=\"right carousel-control\">\n        <span class=\"icon-next\"><\/span>\n        <span class=\"sr-only\">Next<\/span>\n      <\/a>\n      <\/div>\n<\/div>\n <\/div><div id=\"emd-videos\" class=\"item \">\n\t<div class=\"emd-embed-responsive\">\n\t<iframe src=\"https:\/\/www.youtube.com\/embed\/seDIG8WM4uU?html5=1\" frameborder=\"0\" allowfullscreen><\/iframe>\n\t<\/div>\t\n<div class=\"panel panel-default\">\n  <div class=\"video-summary\">\n<p><a title=\"Transportistas califican de \u201cSubsidio Criminal\u201d lo aprobado por el Congreso\" href=\"https:\/\/elmetropolitano.com.gt\/es\/videos\/transportistas-califican-de-subsidio-criminal-lo-aprobado-por-el-congreso\/\">Transportistas califican de \u201cSubsidio Criminal\u201d lo aprobado por el Congreso<\/a><\/p>\n <div class=\"video-excerpt\"> <\/div>\n  <\/div>\n      <!-- Controls -->\n      <div class=\"controls visible-xs-block\">\n      <a data-slide=\"prev\" role=\"button\" href=\"#emdvideos\" class=\"left carousel-control\">\n        <span class=\"icon-prev\"><\/span>\n        <span class=\"sr-only\">Previous<\/span>\n      <\/a>\n      <a data-slide=\"next\" role=\"button\" href=\"#emdvideos\" class=\"right carousel-control\">\n        <span class=\"icon-next\"><\/span>\n        <span class=\"sr-only\">Next<\/span>\n      <\/a>\n      <\/div>\n<\/div>\n <\/div><div id=\"emd-videos\" class=\"item \">\n\t<div class=\"emd-embed-responsive\">\n\t<iframe src=\"https:\/\/www.youtube.com\/embed\/qimyN7bDl48?html5=1\" frameborder=\"0\" allowfullscreen><\/iframe>\n\t<\/div>\t\n<div class=\"panel panel-default\">\n  <div class=\"video-summary\">\n<p><a title=\"Luchamos fuerte para que este subsidio se aprobara para beneficio de los guatemaltecos\" href=\"https:\/\/elmetropolitano.com.gt\/es\/videos\/luchamos-fuerte-para-que-este-subsidio-se-aprobara-para-beneficio-de-los-guatemaltecos\/\">Luchamos fuerte para que este subsidio se aprobara para beneficio de los guatemaltecos<\/a><\/p>\n <div class=\"video-excerpt\"> <\/div>\n  <\/div>\n      <!-- Controls -->\n      <div class=\"controls visible-xs-block\">\n      <a data-slide=\"prev\" role=\"button\" href=\"#emdvideos\" class=\"left carousel-control\">\n        <span class=\"icon-prev\"><\/span>\n        <span class=\"sr-only\">Previous<\/span>\n      <\/a>\n      <a data-slide=\"next\" role=\"button\" href=\"#emdvideos\" class=\"right carousel-control\">\n        <span class=\"icon-next\"><\/span>\n        <span class=\"sr-only\">Next<\/span>\n      <\/a>\n      <\/div>\n<\/div>\n <\/div><div id=\"emd-videos\" class=\"item \">\n\t<div class=\"emd-embed-responsive\">\n\t<iframe src=\"https:\/\/www.youtube.com\/embed\/6abxCig7fLw?html5=1\" frameborder=\"0\" allowfullscreen><\/iframe>\n\t<\/div>\t\n<div class=\"panel panel-default\">\n  <div class=\"video-summary\">\n<p><a title=\"Diputado Portillo Voto en contra del Subsidio y explica por qu\u00e9 lo hizo\" href=\"https:\/\/elmetropolitano.com.gt\/es\/videos\/diputado-portillo-voto-en-contra-del-subsidio-y-explica-por-que-lo-hizo\/\">Diputado Portillo Voto en contra del Subsidio y explica por qu\u00e9 lo hizo<\/a><\/p>\n <div class=\"video-excerpt\"> <\/div>\n  <\/div>\n      <!-- Controls -->\n      <div class=\"controls visible-xs-block\">\n      <a data-slide=\"prev\" role=\"button\" href=\"#emdvideos\" class=\"left carousel-control\">\n        <span class=\"icon-prev\"><\/span>\n        <span class=\"sr-only\">Previous<\/span>\n      <\/a>\n      <a data-slide=\"next\" role=\"button\" href=\"#emdvideos\" class=\"right carousel-control\">\n        <span class=\"icon-next\"><\/span>\n        <span class=\"sr-only\">Next<\/span>\n      <\/a>\n      <\/div>\n<\/div>\n <\/div><div id=\"emd-videos\" class=\"item \">\n\t<div class=\"emd-embed-responsive\">\n\t<iframe src=\"https:\/\/www.youtube.com\/embed\/qkFHlWcVd9g?html5=1\" frameborder=\"0\" allowfullscreen><\/iframe>\n\t<\/div>\t\n<div class=\"panel panel-default\">\n  <div class=\"video-summary\">\n<p><a title=\"Congreso con buenos resultados al lograr consensos en la Plenaria de este. Martes\" href=\"https:\/\/elmetropolitano.com.gt\/es\/videos\/congreso-con-buenos-resultados-al-lograr-consensos-en-la-plenaria-de-este-martes\/\">Congreso con buenos resultados al lograr consensos en la Plenaria de este. Martes<\/a><\/p>\n <div class=\"video-excerpt\"> <\/div>\n  <\/div>\n      <!-- Controls -->\n      <div class=\"controls visible-xs-block\">\n      <a data-slide=\"prev\" role=\"button\" href=\"#emdvideos\" class=\"left carousel-control\">\n        <span class=\"icon-prev\"><\/span>\n        <span class=\"sr-only\">Previous<\/span>\n      <\/a>\n      <a data-slide=\"next\" role=\"button\" href=\"#emdvideos\" class=\"right carousel-control\">\n        <span class=\"icon-next\"><\/span>\n        <span class=\"sr-only\">Next<\/span>\n      <\/a>\n      <\/div>\n<\/div>\n <\/div><div id=\"emd-videos\" class=\"item \">\n\t<div class=\"emd-embed-responsive\">\n\t<iframe src=\"https:\/\/www.youtube.com\/embed\/0ubH2AbDnNE?html5=1\" frameborder=\"0\" allowfullscreen><\/iframe>\n\t<\/div>\t\n<div class=\"panel panel-default\">\n  <div class=\"video-summary\">\n<p><a title=\"Allan Rodr\u00edguez expresa que Subsidio se reflejar\u00e1 en unos 15 a 20 d\u00edas en las gasolineras\" href=\"https:\/\/elmetropolitano.com.gt\/es\/videos\/allan-rodriguez-expresa-que-subsidio-se-reflejara-en-unos-15-a-20-dias-en-las-gasolineras\/\">Allan Rodr\u00edguez expresa que Subsidio se reflejar\u00e1 en unos 15 a 20 d\u00edas en las gasolineras<\/a><\/p>\n <div class=\"video-excerpt\"> <\/div>\n  <\/div>\n      <!-- Controls -->\n      <div class=\"controls visible-xs-block\">\n      <a data-slide=\"prev\" role=\"button\" href=\"#emdvideos\" class=\"left carousel-control\">\n        <span class=\"icon-prev\"><\/span>\n        <span class=\"sr-only\">Previous<\/span>\n      <\/a>\n      <a data-slide=\"next\" role=\"button\" href=\"#emdvideos\" class=\"right carousel-control\">\n        <span class=\"icon-next\"><\/span>\n        <span class=\"sr-only\">Next<\/span>\n      <\/a>\n      <\/div>\n<\/div>\n <\/div><div id=\"emd-videos\" class=\"item \">\n\t<div class=\"emd-embed-responsive\">\n\t<iframe src=\"https:\/\/www.youtube.com\/embed\/_-sQCAPwE8o?html5=1\" frameborder=\"0\" allowfullscreen><\/iframe>\n\t<\/div>\t\n<div class=\"panel panel-default\">\n  <div class=\"video-summary\">\n<p><a title=\"Diputado C\u00e9sar D\u00e1vila, vot\u00f3 a favor de la ley de lavado de dinero\" href=\"https:\/\/elmetropolitano.com.gt\/es\/videos\/diputado-cesar-davila-voto-a-favor-de-la-ley-de-lavado-de-dinero\/\">Diputado C\u00e9sar D\u00e1vila, vot\u00f3 a favor de la ley de lavado de dinero<\/a><\/p>\n <div class=\"video-excerpt\"> <\/div>\n  <\/div>\n      <!-- Controls -->\n      <div class=\"controls visible-xs-block\">\n      <a data-slide=\"prev\" role=\"button\" href=\"#emdvideos\" class=\"left carousel-control\">\n        <span class=\"icon-prev\"><\/span>\n        <span class=\"sr-only\">Previous<\/span>\n      <\/a>\n      <a data-slide=\"next\" role=\"button\" href=\"#emdvideos\" class=\"right carousel-control\">\n        <span class=\"icon-next\"><\/span>\n        <span class=\"sr-only\">Next<\/span>\n      <\/a>\n      <\/div>\n<\/div>\n <\/div><\/div>\n<\/div>\t\t\t\t\t<div class='pagination-bar' style='clear:both;'>\n\t\t\t\t\t<ul class='emd-pagination hidden'><li class='active'><span aria-current=\"page\" class=\"page-numbers current\">1<\/span><\/li><li><a class=\"page-numbers\" href=\"https:\/\/elmetropolitano.com.gt\/es\/\/page\/2\/\">2<\/a><\/li><li><a class=\"page-numbers\" href=\"https:\/\/elmetropolitano.com.gt\/es\/\/page\/3\/\">3<\/a><\/li><li><span class=\"page-numbers dots\">&hellip;<\/span><\/li><li><a class=\"page-numbers\" href=\"https:\/\/elmetropolitano.com.gt\/es\/\/page\/125\/\">125<\/a><\/li><li><a class=\"next page-numbers\" href=\"https:\/\/elmetropolitano.com.gt\/es\/\/page\/2\/\">Siguiente &raquo;<\/a><\/li><\/ul>\t\t\t\t\t<\/div>\n\t\t\t\t\t\t\t\t<\/div>\n\t\t\t\t<\/div>\n\t\t\t\t\n\t\t\t\t<div id='video_indicators_2_emd_video-cont' class='emd-container '>\n\t\t\t\t\t\t\t\t<div id='video_indicators_2_emd_video-view' class='emd-view-results'>\n\t\t\t\t\t\t\t\t<input type='hidden' id='emd_entity' name='emd_entity' value='emd_video'>\n\t\t\t\t<input type='hidden' id='emd_view' name='emd_view' value='video_indicators'>\n\t\t\t\t<input type='hidden' id='emd_view_count' name='emd_view_count' value='2'>\t\n\t\t\t\t<input type='hidden' id='emd_app' name='emd_app' value='youtube_showcase'>\n\t\t\t\t<div class=\"row \"><div style=\"cursor: pointer;\" class=\"col-lg-3 col-sm-4 col-xs-6 active\" data-slide-to=\"0\" data-target=\"#emdvideos\" onclick=\"[removed]='#emdvideos'\">\n<div class=\"panel panel-info item-video\">\n  <div class=\"panel-body emd-vid\">\n            <div class=\"thumbnail\" style=\"padding:0;border: 0;border-bottom-left-radius: 0;border-bottom-right-radius: 0;\">\n                <img decoding=\"async\" style=\"width:100%;height:auto;\" src=\"https:\/\/img.youtube.com\/vi\/M-WxhWHL4rQ\/mqdefault.jpg\" alt=\"Presenta interpelaci\u00f3n contra ministro de Salud P\u00fablica doctor Joaqu\u00edn Barnoya\" \/>\n            <\/div>\n  <\/div>\n  <div class=\"panel-footer\" style=\"background-color: rgba(0, 0, 0, 0);\">Presenta interpelaci\u00f3n contra ministro de Salud P\u00fablica doctor Joaqu\u00edn Barnoya<\/div>\n<\/div>\n <\/div><div style=\"cursor: pointer;\" class=\"col-lg-3 col-sm-4 col-xs-6 \" data-slide-to=\"1\" data-target=\"#emdvideos\" onclick=\"[removed]='#emdvideos'\">\n<div class=\"panel panel-info item-video\">\n  <div class=\"panel-body emd-vid\">\n            <div class=\"thumbnail\" style=\"padding:0;border: 0;border-bottom-left-radius: 0;border-bottom-right-radius: 0;\">\n                <img decoding=\"async\" style=\"width:100%;height:auto;\" src=\"https:\/\/img.youtube.com\/vi\/Qw5NZruhfx4\/mqdefault.jpg\" alt=\"Abuso Sexual a menores de edad ahora es penalizado con 14 a\u00f1os de prisi\u00f3n\" \/>\n            <\/div>\n  <\/div>\n  <div class=\"panel-footer\" style=\"background-color: rgba(0, 0, 0, 0);\">Abuso Sexual a menores de edad ahora es penalizado con 14 a\u00f1os de prisi\u00f3n<\/div>\n<\/div>\n <\/div><div style=\"cursor: pointer;\" class=\"col-lg-3 col-sm-4 col-xs-6 \" data-slide-to=\"2\" data-target=\"#emdvideos\" onclick=\"[removed]='#emdvideos'\">\n<div class=\"panel panel-info item-video\">\n  <div class=\"panel-body emd-vid\">\n            <div class=\"thumbnail\" style=\"padding:0;border: 0;border-bottom-left-radius: 0;border-bottom-right-radius: 0;\">\n                <img decoding=\"async\" style=\"width:100%;height:auto;\" src=\"https:\/\/img.youtube.com\/vi\/seDIG8WM4uU\/mqdefault.jpg\" alt=\"Transportistas califican de \u201cSubsidio Criminal\u201d lo aprobado por el Congreso\" \/>\n            <\/div>\n  <\/div>\n  <div class=\"panel-footer\" style=\"background-color: rgba(0, 0, 0, 0);\">Transportistas califican de \u201cSubsidio Criminal\u201d lo aprobado por el Congreso<\/div>\n<\/div>\n <\/div><div style=\"cursor: pointer;\" class=\"col-lg-3 col-sm-4 col-xs-6 \" data-slide-to=\"3\" data-target=\"#emdvideos\" onclick=\"[removed]='#emdvideos'\">\n<div class=\"panel panel-info item-video\">\n  <div class=\"panel-body emd-vid\">\n            <div class=\"thumbnail\" style=\"padding:0;border: 0;border-bottom-left-radius: 0;border-bottom-right-radius: 0;\">\n                <img decoding=\"async\" style=\"width:100%;height:auto;\" src=\"https:\/\/img.youtube.com\/vi\/qimyN7bDl48\/mqdefault.jpg\" alt=\"Luchamos fuerte para que este subsidio se aprobara para beneficio de los guatemaltecos\" \/>\n            <\/div>\n  <\/div>\n  <div class=\"panel-footer\" style=\"background-color: rgba(0, 0, 0, 0);\">Luchamos fuerte para que este subsidio se aprobara para beneficio de los guatemaltecos<\/div>\n<\/div>\n <\/div><div style=\"cursor: pointer;\" class=\"col-lg-3 col-sm-4 col-xs-6 \" data-slide-to=\"4\" data-target=\"#emdvideos\" onclick=\"[removed]='#emdvideos'\">\n<div class=\"panel panel-info item-video\">\n  <div class=\"panel-body emd-vid\">\n            <div class=\"thumbnail\" style=\"padding:0;border: 0;border-bottom-left-radius: 0;border-bottom-right-radius: 0;\">\n                <img decoding=\"async\" style=\"width:100%;height:auto;\" src=\"https:\/\/img.youtube.com\/vi\/6abxCig7fLw\/mqdefault.jpg\" alt=\"Diputado Portillo Voto en contra del Subsidio y explica por qu\u00e9 lo hizo\" \/>\n            <\/div>\n  <\/div>\n  <div class=\"panel-footer\" style=\"background-color: rgba(0, 0, 0, 0);\">Diputado Portillo Voto en contra del Subsidio y explica por qu\u00e9 lo hizo<\/div>\n<\/div>\n <\/div><div style=\"cursor: pointer;\" class=\"col-lg-3 col-sm-4 col-xs-6 \" data-slide-to=\"5\" data-target=\"#emdvideos\" onclick=\"[removed]='#emdvideos'\">\n<div class=\"panel panel-info item-video\">\n  <div class=\"panel-body emd-vid\">\n            <div class=\"thumbnail\" style=\"padding:0;border: 0;border-bottom-left-radius: 0;border-bottom-right-radius: 0;\">\n                <img decoding=\"async\" style=\"width:100%;height:auto;\" src=\"https:\/\/img.youtube.com\/vi\/qkFHlWcVd9g\/mqdefault.jpg\" alt=\"Congreso con buenos resultados al lograr consensos en la Plenaria de este. Martes\" \/>\n            <\/div>\n  <\/div>\n  <div class=\"panel-footer\" style=\"background-color: rgba(0, 0, 0, 0);\">Congreso con buenos resultados al lograr consensos en la Plenaria de este. Martes<\/div>\n<\/div>\n <\/div><div style=\"cursor: pointer;\" class=\"col-lg-3 col-sm-4 col-xs-6 \" data-slide-to=\"6\" data-target=\"#emdvideos\" onclick=\"[removed]='#emdvideos'\">\n<div class=\"panel panel-info item-video\">\n  <div class=\"panel-body emd-vid\">\n            <div class=\"thumbnail\" style=\"padding:0;border: 0;border-bottom-left-radius: 0;border-bottom-right-radius: 0;\">\n                <img decoding=\"async\" style=\"width:100%;height:auto;\" src=\"https:\/\/img.youtube.com\/vi\/0ubH2AbDnNE\/mqdefault.jpg\" alt=\"Allan Rodr\u00edguez expresa que Subsidio se reflejar\u00e1 en unos 15 a 20 d\u00edas en las gasolineras\" \/>\n            <\/div>\n  <\/div>\n  <div class=\"panel-footer\" style=\"background-color: rgba(0, 0, 0, 0);\">Allan Rodr\u00edguez expresa que Subsidio se reflejar\u00e1 en unos 15 a 20 d\u00edas en las gasolineras<\/div>\n<\/div>\n <\/div><div style=\"cursor: pointer;\" class=\"col-lg-3 col-sm-4 col-xs-6 \" data-slide-to=\"7\" data-target=\"#emdvideos\" onclick=\"[removed]='#emdvideos'\">\n<div class=\"panel panel-info item-video\">\n  <div class=\"panel-body emd-vid\">\n            <div class=\"thumbnail\" style=\"padding:0;border: 0;border-bottom-left-radius: 0;border-bottom-right-radius: 0;\">\n                <img decoding=\"async\" style=\"width:100%;height:auto;\" src=\"https:\/\/img.youtube.com\/vi\/_-sQCAPwE8o\/mqdefault.jpg\" alt=\"Diputado C\u00e9sar D\u00e1vila, vot\u00f3 a favor de la ley de lavado de dinero\" \/>\n            <\/div>\n  <\/div>\n  <div class=\"panel-footer\" style=\"background-color: rgba(0, 0, 0, 0);\">Diputado C\u00e9sar D\u00e1vila, vot\u00f3 a favor de la ley de lavado de dinero<\/div>\n<\/div>\n <\/div><\/div>\t\t\t\t\t<div class='pagination-bar' style='clear:both;'>\n\t\t\t\t\t<ul class='emd-pagination '><li class='active'><span aria-current=\"page\" class=\"page-numbers current\">1<\/span><\/li><li><a class=\"page-numbers\" href=\"https:\/\/elmetropolitano.com.gt\/es\/\/page\/2\/\">2<\/a><\/li><li><a class=\"page-numbers\" href=\"https:\/\/elmetropolitano.com.gt\/es\/\/page\/3\/\">3<\/a><\/li><li><span class=\"page-numbers dots\">&hellip;<\/span><\/li><li><a class=\"page-numbers\" href=\"https:\/\/elmetropolitano.com.gt\/es\/\/page\/125\/\">125<\/a><\/li><li><a class=\"next page-numbers\" href=\"https:\/\/elmetropolitano.com.gt\/es\/\/page\/2\/\">Siguiente &raquo;<\/a><\/li><\/ul>\t\t\t\t\t<\/div>\n\t\t\t\t\t\t\t\t<\/div>\n\t\t\t\t<\/div>\n\t\t\t\t<\/div><!--container-end-->\n","protected":false},"excerpt":{"rendered":"","protected":false},"author":1,"featured_media":0,"parent":0,"menu_order":0,"comment_status":"closed","ping_status":"closed","template":"","meta":{"footnotes":""},"class_list":["post-14498","page","type-page","status-publish","hentry"],"_links":{"self":[{"href":"https:\/\/elmetropolitano.com.gt\/es\/wp-json\/wp\/v2\/pages\/14498","targetHints":{"allow":["GET"]}}],"collection":[{"href":"https:\/\/elmetropolitano.com.gt\/es\/wp-json\/wp\/v2\/pages"}],"about":[{"href":"https:\/\/elmetropolitano.com.gt\/es\/wp-json\/wp\/v2\/types\/page"}],"author":[{"embeddable":true,"href":"https:\/\/elmetropolitano.com.gt\/es\/wp-json\/wp\/v2\/users\/1"}],"replies":[{"embeddable":true,"href":"https:\/\/elmetropolitano.com.gt\/es\/wp-json\/wp\/v2\/comments?post=14498"}],"version-history":[{"count":0,"href":"https:\/\/elmetropolitano.com.gt\/es\/wp-json\/wp\/v2\/pages\/14498\/revisions"}],"wp:attachment":[{"href":"https:\/\/elmetropolitano.com.gt\/es\/wp-json\/wp\/v2\/media?parent=14498"}],"curies":[{"name":"wp","href":"https:\/\/api.w.org\/{rel}","templated":true}]}}