{"id":94,"date":"2020-02-11T20:24:34","date_gmt":"2020-02-11T20:24:34","guid":{"rendered":"https:\/\/elmetropolitano.com.gt\/es\/?page_id=94"},"modified":"2022-10-15T09:37:46","modified_gmt":"2022-10-15T15:37:46","slug":"contactenos","status":"publish","type":"page","link":"https:\/\/elmetropolitano.com.gt\/es\/contactenos\/","title":{"rendered":"Cont\u00e1ctenos"},"content":{"rendered":"\n<p>Direcci\u00f3n 5 avenida 5-39, zona 8 de Mixco, colonia Panorama, Ciudad San Crist\u00f3bal, <\/p>\n\n\n\n<p>Correo electr\u00f3nico:  opinionmetros@gmail.com \/ Anuncios:  37966350<\/p><div class=\"elmet-contenido\" id=\"elmet-2849232264\"><div class=\"elmet-adlabel\">Anuncios<\/div><div style=\"margin-top: 20px;margin-right: 20px;margin-bottom: 20px;margin-left: 20px;\" id=\"elmet-285959013\"><a href=\"https:\/\/www.facebook.com\/arrincuanantigua\/\" aria-label=\"cintillo-arrin-cual\"><img loading=\"lazy\" decoding=\"async\" src=\"https:\/\/elmetropolitano.com.gt\/es\/wp-content\/uploads\/2021\/11\/cintillo-arrin-cual-1.jpg\" alt=\"\"  srcset=\"https:\/\/elmetropolitano.com.gt\/es\/wp-content\/uploads\/2021\/11\/cintillo-arrin-cual-1.jpg 750w, https:\/\/elmetropolitano.com.gt\/es\/wp-content\/uploads\/2021\/11\/cintillo-arrin-cual-1-300x36.jpg 300w, https:\/\/elmetropolitano.com.gt\/es\/wp-content\/uploads\/2021\/11\/cintillo-arrin-cual-1-600x72.jpg 600w\" sizes=\"(max-width: 750px) 100vw, 750px\" width=\"750\" height=\"90\"   \/><\/a><\/div><\/div>\n\n\n\n<figure class=\"wp-block-gallery has-nested-images columns-default is-cropped wp-block-gallery-1 is-layout-flex wp-block-gallery-is-layout-flex\">\n<figure class=\"wp-block-image size-large\"><img decoding=\"async\" data-id=\"706\" src=\"https:\/\/elmetropolitano.com.gt\/es\/wp-content\/uploads\/2020\/02\/Ubicacion-el-metro.jpg\" alt=\"\" class=\"wp-image-706\"\/><figcaption>Nuestra ubicaci\u00f3n<\/figcaption><\/figure>\n<\/figure>\n","protected":false},"excerpt":{"rendered":"<p>Direcci\u00f3n 5 avenida 5-39, zona 8 de Mixco, colonia Panorama, Ciudad San Crist\u00f3bal, Correo electr\u00f3nico: opinionmetros@gmail.com \/ Anuncios: 37966350<\/p>\n","protected":false},"author":1,"featured_media":0,"parent":0,"menu_order":0,"comment_status":"closed","ping_status":"closed","template":"","meta":{"footnotes":""},"class_list":["post-94","page","type-page","status-publish","hentry"],"_links":{"self":[{"href":"https:\/\/elmetropolitano.com.gt\/es\/wp-json\/wp\/v2\/pages\/94","targetHints":{"allow":["GET"]}}],"collection":[{"href":"https:\/\/elmetropolitano.com.gt\/es\/wp-json\/wp\/v2\/pages"}],"about":[{"href":"https:\/\/elmetropolitano.com.gt\/es\/wp-json\/wp\/v2\/types\/page"}],"author":[{"embeddable":true,"href":"https:\/\/elmetropolitano.com.gt\/es\/wp-json\/wp\/v2\/users\/1"}],"replies":[{"embeddable":true,"href":"https:\/\/elmetropolitano.com.gt\/es\/wp-json\/wp\/v2\/comments?post=94"}],"version-history":[{"count":8,"href":"https:\/\/elmetropolitano.com.gt\/es\/wp-json\/wp\/v2\/pages\/94\/revisions"}],"predecessor-version":[{"id":55727,"href":"https:\/\/elmetropolitano.com.gt\/es\/wp-json\/wp\/v2\/pages\/94\/revisions\/55727"}],"wp:attachment":[{"href":"https:\/\/elmetropolitano.com.gt\/es\/wp-json\/wp\/v2\/media?parent=94"}],"curies":[{"name":"wp","href":"https:\/\/api.w.org\/{rel}","templated":true}]}}